{"id":16176,"date":"2017-07-07T16:02:23","date_gmt":"2017-07-07T14:02:23","guid":{"rendered":"https:\/\/intellident.ch\/index\/das-glueck\/"},"modified":"2024-03-12T14:01:56","modified_gmt":"2024-03-12T13:01:56","slug":"das-glueck","status":"publish","type":"page","link":"https:\/\/intellident.ch\/index\/de\/das-glueck\/","title":{"rendered":"Das Gl\u00fcck"},"content":{"rendered":"<p>[et_pb_section bb_built=&#8220;1&#8243; background_color=&#8220;rgba(230,103,61,0)&#8220; custom_padding=&#8220;0px|0px|0px|&#8220; fullwidth=&#8220;on&#8220; _builder_version=&#8220;3.0.60&#8243;][et_pb_fullwidth_slider admin_label=&#8220;Fullwidth Slider&#8220; auto=&#8220;on&#8220; remove_inner_shadow=&#8220;on&#8220; top_padding_last_edited=&#8220;on|desktop&#8220; _builder_version=&#8220;3.0.60&#8243;]<\/p>\n<p>[et_pb_slide background_image=&#8220;https:\/\/intellident.ch\/index\/wp-content\/uploads\/cura-compressor.jpg&#8220; use_bg_overlay=&#8220;off&#8220; use_text_overlay=&#8220;off&#8220; _builder_version=&#8220;3.0.47&#8243; header_font=&#8220;||||&#8220; body_font=&#8220;||||&#8220; custom_button=&#8220;off&#8220; button_icon_placement=&#8220;right&#8220; button_on_hover=&#8220;on&#8220;][\/et_pb_slide]<\/p>\n<p>[\/et_pb_fullwidth_slider][\/et_pb_section][et_pb_section bb_built=&#8220;1&#8243; custom_padding=&#8220;80px||80px|&#8220; custom_padding_phone=&#8220;25px||25px|&#8220; custom_padding_last_edited=&#8220;on|desktop&#8220; _builder_version=&#8220;3.0.60&#8243;][et_pb_row background_position_1=&#8220;top_left&#8220; background_repeat_1=&#8220;no-repeat&#8220; _builder_version=&#8220;3.0.60&#8243; custom_margin_last_edited=&#8220;on|desktop&#8220; custom_padding=&#8220;25px|0px|0px|0px&#8220; custom_padding_last_edited=&#8220;on|phone&#8220;][et_pb_column type=&#8220;4_4&#8243;][et_pb_text text_orientation=&#8220;center&#8220; _builder_version=&#8220;3.0.60&#8243; text_font_size=&#8220;80&#8243; text_font_size_tablet=&#8220;60&#8243; text_font_size_phone=&#8220;40&#8243; text_font_size_last_edited=&#8220;on|phone&#8220; text_line_height=&#8220;1.2em&#8220; text_line_height_last_edited=&#8220;on|desktop&#8220;]<\/p>\n<p>DAS GL\u00dcCK DES <span style=\"color: #e6673d;\"><strong>L\u00c4CHELNS<\/strong><\/span><\/p>\n<p>[\/et_pb_text][et_pb_text admin_label=&#8220;Testo Desktop&#8220; text_orientation=&#8220;center&#8220; _builder_version=&#8220;3.0.60&#8243; text_font_size=&#8220;22&#8243; text_font_size_phone=&#8220;18&#8243; text_font_size_last_edited=&#8220;on|phone&#8220; background_layout=&#8220;light&#8220; border_style=&#8220;solid&#8220; disabled=&#8220;off&#8220; disabled_on=&#8220;on|on|&#8220;]<\/p>\n<p>Die Priorit\u00e4t der Therapie ist, unseren gesch\u00e4tzten Patienten eine bessere Lebensqualit\u00e4t zu erm\u00f6glichen. In erster Linie gilt, die Infektionen der Mundh\u00f6hle zu erkennen, d.h. die St\u00f6renfriede werden beseitigt. Die anschliessende funktionelle Rehabilitation gilt in erster Linie, eine korrekte Kaufunktion wieder herzustellen. Selbstsicherheit und Selbstwertgef\u00fchl werden durch die modernen Prinzipien des \u201eSmile Makeovers\u201c und die \u00e4sthetische Gestaltung des L\u00e4chelns erreicht. Das A und O langfristig gesunder, sch\u00f6ner Z\u00e4hne gilt der Prophylaxe und der individuellen professionellen Hygiene und Erhaltungstherapie.<\/p>\n<p>[\/et_pb_text][et_pb_text admin_label=&#8220;Testo Mobile&#8220; text_orientation=&#8220;left&#8220; _builder_version=&#8220;3.0.60&#8243; text_font_size=&#8220;22&#8243; text_font_size_phone=&#8220;18&#8243; text_font_size_last_edited=&#8220;on|phone&#8220; background_layout=&#8220;light&#8220; border_style=&#8220;solid&#8220; disabled=&#8220;off&#8220; disabled_on=&#8220;||on&#8220;]<\/p>\n<p>Die Priorit\u00e4t der Therapie ist, unseren gesch\u00e4tzten Patienten eine bessere Lebensqualit\u00e4t zu erm\u00f6glichen. In erster Linie gilt, die Infektionen der Mundh\u00f6hle zu erkennen, d.h. die St\u00f6renfriede werden beseitigt. Die anschliessende funktionelle Rehabilitation gilt in erster Linie, eine korrekte Kaufunktion wieder herzustellen. Selbstsicherheit und Selbstwertgef\u00fchl werden durch die modernen Prinzipien des \u201eSmile Makeovers\u201c und die \u00e4sthetische Gestaltung des L\u00e4chelns erreicht. Das A und O langfristig gesunder, sch\u00f6ner Z\u00e4hne gilt der Prophylaxe und der individuellen professionellen Hygiene und Erhaltungstherapie.<\/p>\n<p>[\/et_pb_text][\/et_pb_column][\/et_pb_row][et_pb_row admin_label=&#8220;Riga Desktop&#8220; make_equal=&#8220;on&#8220; background_position_1=&#8220;top_left&#8220; background_position_2=&#8220;top_left&#8220; background_repeat_1=&#8220;no-repeat&#8220; background_repeat_2=&#8220;no-repeat&#8220; _builder_version=&#8220;3.0.60&#8243; custom_padding=&#8220;0px|0px|0px|0px&#8220; custom_margin=&#8220;80px|||&#8220; custom_margin_last_edited=&#8220;on|phone&#8220; custom_margin_tablet=&#8220;40px|||&#8220; custom_margin_phone=&#8220;25px|||&#8220; disabled=&#8220;off&#8220; disabled_on=&#8220;on|on|&#8220;][et_pb_column type=&#8220;1_2&#8243;][et_pb_image src=&#8220;https:\/\/intellident.ch\/index\/wp-content\/uploads\/eccellenza-compressor.jpg&#8220; animation=&#8220;off&#8220; sticky=&#8220;on&#8220; _builder_version=&#8220;3.0.61&#8243; \/][\/et_pb_column][et_pb_column type=&#8220;1_2&#8243;][et_pb_divider _builder_version=&#8220;3.0.60&#8243; show_divider=&#8220;on&#8220; divider_style=&#8220;solid&#8220; divider_position=&#8220;top&#8220; divider_weight=&#8220;2&#8243; color=&#8220;#e6673d&#8220; hide_on_mobile=&#8220;off&#8220; \/][et_pb_text _builder_version=&#8220;3.0.60&#8243; text_font_size=&#8220;25&#8243; text_font_size_phone=&#8220;18&#8243; text_font_size_last_edited=&#8220;on|phone&#8220; text_line_height=&#8220;1.2em&#8220; text_line_height_last_edited=&#8220;on|desktop&#8220;]<\/p>\n<p>DAS BESTE F\u00dcRS <span style=\"color: #e6673d;\"><strong>L\u00c4CHELN<\/strong><\/span><\/p>\n<p>[\/et_pb_text][et_pb_text _builder_version=&#8220;3.0.60&#8243; text_font_size=&#8220;22&#8243; text_font_size_phone=&#8220;18&#8243; text_font_size_last_edited=&#8220;on|phone&#8220;]<\/p>\n<p>Aus der Diagnostik, bis hin zu den aufwendigsten Behandlungen, setzen wir die besten Technologien ein, mit dem Ziel, exzellente Resultate zu erreichen.<\/p>\n<p>[\/et_pb_text][\/et_pb_column][\/et_pb_row][et_pb_row admin_label=&#8220;Riga Mobile&#8220; make_equal=&#8220;on&#8220; background_position_1=&#8220;top_left&#8220; background_position_2=&#8220;top_left&#8220; background_repeat_1=&#8220;no-repeat&#8220; background_repeat_2=&#8220;no-repeat&#8220; _builder_version=&#8220;3.0.60&#8243; custom_padding=&#8220;0px|0px|0px|0px&#8220; custom_margin=&#8220;80px|||&#8220; custom_margin_last_edited=&#8220;on|phone&#8220; custom_margin_tablet=&#8220;40px|||&#8220; custom_margin_phone=&#8220;25px|||&#8220; disabled=&#8220;off&#8220; disabled_on=&#8220;||on&#8220;][et_pb_column type=&#8220;1_2&#8243;][et_pb_divider _builder_version=&#8220;3.0.60&#8243; show_divider=&#8220;on&#8220; divider_style=&#8220;solid&#8220; divider_position=&#8220;top&#8220; divider_weight=&#8220;2&#8243; color=&#8220;#e6673d&#8220; hide_on_mobile=&#8220;off&#8220; \/][et_pb_text _builder_version=&#8220;3.0.60&#8243; text_font_size=&#8220;25&#8243; text_font_size_phone=&#8220;18&#8243; text_font_size_last_edited=&#8220;on|phone&#8220; text_line_height=&#8220;1.2em&#8220; text_line_height_last_edited=&#8220;on|desktop&#8220;]<\/p>\n<p>DAS BESTE F\u00dcRS <span style=\"color: #e6673d;\"><strong>L\u00c4CHELN<\/strong><\/span><\/p>\n<p>[\/et_pb_text][et_pb_text _builder_version=&#8220;3.0.60&#8243; text_font_size=&#8220;22&#8243; text_font_size_phone=&#8220;18&#8243; text_font_size_last_edited=&#8220;on|phone&#8220;]<\/p>\n<p>Aus der Diagnostik, bis hin zu den aufwendigsten Behandlungen, setzen wir die besten Technologien ein, mit dem Ziel, exzellente Resultate zu erreichen.<\/p>\n<p>[\/et_pb_text][\/et_pb_column][et_pb_column type=&#8220;1_2&#8243;][et_pb_image src=&#8220;https:\/\/intellident.ch\/index\/wp-content\/uploads\/eccellenza-compressor.jpg&#8220; animation=&#8220;off&#8220; sticky=&#8220;on&#8220; _builder_version=&#8220;3.0.61&#8243; \/][\/et_pb_column][\/et_pb_row][et_pb_row make_equal=&#8220;on&#8220; background_position_1=&#8220;top_left&#8220; background_position_2=&#8220;top_left&#8220; background_repeat_1=&#8220;no-repeat&#8220; background_repeat_2=&#8220;no-repeat&#8220; _builder_version=&#8220;3.0.60&#8243; custom_padding=&#8220;0px|0px|0px|0px&#8220; custom_margin=&#8220;80px|||&#8220; custom_margin_last_edited=&#8220;on|phone&#8220; custom_margin_tablet=&#8220;40px|||&#8220; custom_margin_phone=&#8220;25px|||&#8220;][et_pb_column type=&#8220;1_2&#8243;][et_pb_divider _builder_version=&#8220;3.0.60&#8243; show_divider=&#8220;on&#8220; divider_style=&#8220;solid&#8220; divider_position=&#8220;top&#8220; divider_weight=&#8220;2&#8243; color=&#8220;#e6673d&#8220; hide_on_mobile=&#8220;off&#8220; \/][et_pb_text _builder_version=&#8220;3.0.60&#8243; text_font_size=&#8220;25&#8243; text_font_size_phone=&#8220;18&#8243; text_font_size_last_edited=&#8220;on|phone&#8220; text_line_height=&#8220;1.2em&#8220; text_line_height_last_edited=&#8220;on|desktop&#8220; background_layout=&#8220;light&#8220; text_orientation=&#8220;left&#8220; border_style=&#8220;solid&#8220;]<\/p>\n<p>DIE KOMMUNIKATION DES <span style=\"color: #e6673d;\"><strong>L\u00c4CHELNS<\/strong><\/span><\/p>\n<p>[\/et_pb_text][et_pb_text _builder_version=&#8220;3.0.60&#8243; text_font_size=&#8220;22&#8243; text_font_size_phone=&#8220;18&#8243; text_font_size_last_edited=&#8220;on|phone&#8220; background_layout=&#8220;light&#8220; text_orientation=&#8220;left&#8220; border_style=&#8220;solid&#8220;]<\/p>\n<p>Die modernsten Technologien der Kommunikation erm\u00f6glichen es uns, ein offenes, ehrliches Gespr\u00e4ch \u00fcber Ihre Bed\u00fcrfnisse und die therapeutischen Ans\u00e4tze zu f\u00fchren.<\/p>\n<p>[\/et_pb_text][\/et_pb_column][et_pb_column type=&#8220;1_2&#8243;][et_pb_image src=&#8220;https:\/\/intellident.ch\/index\/wp-content\/uploads\/dialogo-compressor.jpg&#8220; animation=&#8220;off&#8220; sticky=&#8220;on&#8220; _builder_version=&#8220;3.0.60&#8243; show_in_lightbox=&#8220;off&#8220; url_new_window=&#8220;off&#8220; align=&#8220;left&#8220; always_center_on_mobile=&#8220;on&#8220; use_overlay=&#8220;off&#8220; border_style=&#8220;solid&#8220; force_fullwidth=&#8220;off&#8220; \/][\/et_pb_column][\/et_pb_row][et_pb_row admin_label=&#8220;Riga Desktop&#8220; make_equal=&#8220;on&#8220; background_position_1=&#8220;top_left&#8220; background_position_2=&#8220;top_left&#8220; background_repeat_1=&#8220;no-repeat&#8220; background_repeat_2=&#8220;no-repeat&#8220; _builder_version=&#8220;3.0.61&#8243; custom_padding=&#8220;0px|0px|0px|0px&#8220; custom_margin=&#8220;80px|||&#8220; custom_margin_last_edited=&#8220;on|phone&#8220; custom_margin_tablet=&#8220;40px|||&#8220; custom_margin_phone=&#8220;25px|||&#8220; disabled=&#8220;off&#8220; disabled_on=&#8220;on|on|&#8220;][et_pb_column type=&#8220;1_2&#8243;][et_pb_image src=&#8220;https:\/\/intellident.ch\/index\/wp-content\/uploads\/swisslabel-logo.png&#8220; animation=&#8220;off&#8220; sticky=&#8220;on&#8220; _builder_version=&#8220;3.0.61&#8243; show_in_lightbox=&#8220;off&#8220; url_new_window=&#8220;off&#8220; use_overlay=&#8220;off&#8220; align=&#8220;left&#8220; always_center_on_mobile=&#8220;on&#8220; border_style=&#8220;solid&#8220; force_fullwidth=&#8220;off&#8220; \/][\/et_pb_column][et_pb_column type=&#8220;1_2&#8243;][et_pb_divider _builder_version=&#8220;3.0.61&#8243; show_divider=&#8220;on&#8220; divider_style=&#8220;solid&#8220; divider_position=&#8220;top&#8220; divider_weight=&#8220;2&#8243; color=&#8220;#e6673d&#8220; hide_on_mobile=&#8220;off&#8220; \/][et_pb_text _builder_version=&#8220;3.0.61&#8243; text_font_size=&#8220;25&#8243; text_font_size_phone=&#8220;18&#8243; text_font_size_last_edited=&#8220;on|phone&#8220; text_line_height=&#8220;1.2em&#8220; text_line_height_last_edited=&#8220;on|desktop&#8220; background_layout=&#8220;light&#8220; text_orientation=&#8220;left&#8220; border_style=&#8220;solid&#8220;]<\/p>\n<p>DIE KRAFT DES <span style=\"color: #e6673d;\"><strong>L\u00c4CHELNS<\/strong><\/span><\/p>\n<p>[\/et_pb_text][et_pb_text _builder_version=&#8220;3.0.61&#8243; text_font_size=&#8220;22&#8243; text_font_size_phone=&#8220;18&#8243; text_font_size_last_edited=&#8220;on|phone&#8220; background_layout=&#8220;light&#8220; text_orientation=&#8220;left&#8220; border_style=&#8220;solid&#8220;]<\/p>\n<p>Wir sind seit 2017 die erste Zahnarztpraxis, die Mitglied der anerkannten Gesellschaft \u201cSwiss Label\u201d ist.<\/p>\n<p>[\/et_pb_text][\/et_pb_column][\/et_pb_row][et_pb_row admin_label=&#8220;Riga Desktop&#8220; make_equal=&#8220;on&#8220; background_position_1=&#8220;top_left&#8220; background_position_2=&#8220;top_left&#8220; background_repeat_1=&#8220;no-repeat&#8220; background_repeat_2=&#8220;no-repeat&#8220; _builder_version=&#8220;3.0.61&#8243; custom_padding=&#8220;0px|0px|0px|0px&#8220; custom_margin=&#8220;80px|||&#8220; custom_margin_last_edited=&#8220;on|phone&#8220; custom_margin_tablet=&#8220;40px|||&#8220; custom_margin_phone=&#8220;25px|||&#8220; disabled=&#8220;off&#8220; disabled_on=&#8220;off|off|on&#8220;][et_pb_column type=&#8220;1_2&#8243;][et_pb_divider _builder_version=&#8220;3.0.61&#8243; show_divider=&#8220;on&#8220; divider_style=&#8220;solid&#8220; divider_position=&#8220;top&#8220; divider_weight=&#8220;2&#8243; color=&#8220;#e6673d&#8220; hide_on_mobile=&#8220;off&#8220; \/][et_pb_text _builder_version=&#8220;3.0.61&#8243; text_font_size=&#8220;25&#8243; text_font_size_phone=&#8220;18&#8243; text_font_size_last_edited=&#8220;on|phone&#8220; text_line_height=&#8220;1.2em&#8220; text_line_height_last_edited=&#8220;on|desktop&#8220; background_layout=&#8220;light&#8220; text_orientation=&#8220;left&#8220; border_style=&#8220;solid&#8220;]<\/p>\n<p>DIE KRAFT DES <span style=\"color: #e6673d;\"><strong>L\u00c4CHELNS<\/strong><\/span><\/p>\n<p>[\/et_pb_text][et_pb_text _builder_version=&#8220;3.0.61&#8243; text_font_size=&#8220;22&#8243; text_font_size_phone=&#8220;18&#8243; text_font_size_last_edited=&#8220;on|phone&#8220; background_layout=&#8220;light&#8220; text_orientation=&#8220;left&#8220; border_style=&#8220;solid&#8220;]<\/p>\n<p>Wir sind seit 2017 die erste Zahnarztpraxis, die Mitglied der anerkannten Gesellschaft \u201cSwiss Label\u201d ist.<\/p>\n<p>[\/et_pb_text][\/et_pb_column][et_pb_column type=&#8220;1_2&#8243;][et_pb_image src=&#8220;https:\/\/intellident.ch\/index\/wp-content\/uploads\/swisslabel-logo.png&#8220; animation=&#8220;off&#8220; sticky=&#8220;on&#8220; _builder_version=&#8220;3.0.61&#8243; show_in_lightbox=&#8220;off&#8220; url_new_window=&#8220;off&#8220; use_overlay=&#8220;off&#8220; align=&#8220;left&#8220; always_center_on_mobile=&#8220;on&#8220; border_style=&#8220;solid&#8220; force_fullwidth=&#8220;off&#8220; \/][\/et_pb_column][\/et_pb_row][et_pb_row background_position_1=&#8220;top_left&#8220; background_repeat_1=&#8220;no-repeat&#8220; _builder_version=&#8220;3.0.60&#8243; custom_margin_last_edited=&#8220;on|desktop&#8220; custom_padding=&#8220;25px|0px|0px|0px&#8220; custom_padding_last_edited=&#8220;on|phone&#8220;][et_pb_column type=&#8220;4_4&#8243;][et_pb_divider _builder_version=&#8220;3.0.60&#8243; divider_style=&#8220;solid&#8220; divider_position=&#8220;top&#8220; height=&#8220;80&#8243; hide_on_mobile=&#8220;on&#8220; \/][\/et_pb_column][\/et_pb_row][\/et_pb_section]<\/p>\n","protected":false},"excerpt":{"rendered":"<p>DAS GL\u00dcCK DES L\u00c4CHELNS Die Priorit\u00e4t der Therapie ist, unseren gesch\u00e4tzten Patienten eine bessere Lebensqualit\u00e4t zu erm\u00f6glichen. In erster Linie gilt, die Infektionen der Mundh\u00f6hle zu erkennen, d.h. die St\u00f6renfriede werden beseitigt. Die anschliessende funktionelle Rehabilitation gilt in erster Linie, eine korrekte Kaufunktion wieder herzustellen. Selbstsicherheit und Selbstwertgef\u00fchl werden durch die modernen Prinzipien des \u201eSmile [&hellip;]<\/p>\n","protected":false},"author":1,"featured_media":0,"parent":0,"menu_order":0,"comment_status":"closed","ping_status":"closed","template":"","meta":{"_et_pb_use_builder":"on","_et_pb_old_content":"","_et_gb_content_width":"","footnotes":""},"class_list":["post-16176","page","type-page","status-publish","hentry"],"_links":{"self":[{"href":"https:\/\/intellident.ch\/index\/de\/wp-json\/wp\/v2\/pages\/16176","targetHints":{"allow":["GET"]}}],"collection":[{"href":"https:\/\/intellident.ch\/index\/de\/wp-json\/wp\/v2\/pages"}],"about":[{"href":"https:\/\/intellident.ch\/index\/de\/wp-json\/wp\/v2\/types\/page"}],"author":[{"embeddable":true,"href":"https:\/\/intellident.ch\/index\/de\/wp-json\/wp\/v2\/users\/1"}],"replies":[{"embeddable":true,"href":"https:\/\/intellident.ch\/index\/de\/wp-json\/wp\/v2\/comments?post=16176"}],"version-history":[{"count":7,"href":"https:\/\/intellident.ch\/index\/de\/wp-json\/wp\/v2\/pages\/16176\/revisions"}],"predecessor-version":[{"id":16183,"href":"https:\/\/intellident.ch\/index\/de\/wp-json\/wp\/v2\/pages\/16176\/revisions\/16183"}],"wp:attachment":[{"href":"https:\/\/intellident.ch\/index\/de\/wp-json\/wp\/v2\/media?parent=16176"}],"curies":[{"name":"wp","href":"https:\/\/api.w.org\/{rel}","templated":true}]}}