{"id":16184,"date":"2017-07-07T16:43:47","date_gmt":"2017-07-07T14:43:47","guid":{"rendered":"https:\/\/intellident.ch\/index\/der-wert\/"},"modified":"2024-03-12T14:17:21","modified_gmt":"2024-03-12T13:17:21","slug":"der-wert","status":"publish","type":"page","link":"https:\/\/intellident.ch\/index\/de\/der-wert\/","title":{"rendered":"Der wert"},"content":{"rendered":"<p>[et_pb_section fb_built=&#8220;1&#8243; fullwidth=&#8220;on&#8220; _builder_version=&#8220;4.16&#8243; background_color=&#8220;rgba(230,103,61,0)&#8220; custom_padding=&#8220;0px|0px|0px|&#8220; global_colors_info=&#8220;{}&#8220;][et_pb_fullwidth_slider admin_label=&#8220;Fullwidth Slider&#8220; _builder_version=&#8220;4.16&#8243; custom_padding=&#8220;|||&#8220; custom_padding_tablet=&#8220;|||&#8220; custom_padding_phone=&#8220;|||&#8220; auto=&#8220;on&#8220; top_padding_tablet=&#8220;&#8220; top_padding_phone=&#8220;&#8220; top_padding_last_edited=&#8220;on|desktop&#8220; remove_inner_shadow=&#8220;on&#8220; hide_content_on_mobile=&#8220;off&#8220; hide_cta_on_mobile=&#8220;off&#8220; show_inner_shadow=&#8220;off&#8220; button_letter_spacing_hover=&#8220;0&#8243; global_colors_info=&#8220;{}&#8220; button_text_size__hover_enabled=&#8220;off&#8220; button_one_text_size__hover_enabled=&#8220;off&#8220; button_two_text_size__hover_enabled=&#8220;off&#8220; button_text_color__hover_enabled=&#8220;off&#8220; button_one_text_color__hover_enabled=&#8220;off&#8220; button_two_text_color__hover_enabled=&#8220;off&#8220; button_border_width__hover_enabled=&#8220;off&#8220; button_one_border_width__hover_enabled=&#8220;off&#8220; button_two_border_width__hover_enabled=&#8220;off&#8220; button_border_color__hover_enabled=&#8220;off&#8220; button_one_border_color__hover_enabled=&#8220;off&#8220; button_two_border_color__hover_enabled=&#8220;off&#8220; button_border_radius__hover_enabled=&#8220;off&#8220; button_one_border_radius__hover_enabled=&#8220;off&#8220; button_two_border_radius__hover_enabled=&#8220;off&#8220; button_letter_spacing__hover_enabled=&#8220;on&#8220; button_letter_spacing__hover=&#8220;0&#8243; button_one_letter_spacing__hover_enabled=&#8220;off&#8220; button_two_letter_spacing__hover_enabled=&#8220;off&#8220; button_bg_color__hover_enabled=&#8220;off&#8220; button_one_bg_color__hover_enabled=&#8220;off&#8220; button_two_bg_color__hover_enabled=&#8220;off&#8220;][et_pb_slide use_bg_overlay=&#8220;off&#8220; use_text_overlay=&#8220;off&#8220; _builder_version=&#8220;4.16&#8243; header_font=&#8220;||||&#8220; body_font=&#8220;||||&#8220; background_color=&#8220;#ffffff&#8220; background_image=&#8220;https:\/\/intellident.ch\/index\/wp-content\/uploads\/valore-compressor.jpg&#8220; button_icon_placement=&#8220;right&#8220; button_on_hover=&#8220;on&#8220; global_colors_info=&#8220;{}&#8220; sticky_transition=&#8220;on&#8220; button_text_size__hover_enabled=&#8220;off&#8220; button_one_text_size__hover_enabled=&#8220;off&#8220; button_two_text_size__hover_enabled=&#8220;off&#8220; button_text_color__hover_enabled=&#8220;off&#8220; button_one_text_color__hover_enabled=&#8220;off&#8220; button_two_text_color__hover_enabled=&#8220;off&#8220; button_border_width__hover_enabled=&#8220;off&#8220; button_one_border_width__hover_enabled=&#8220;off&#8220; button_two_border_width__hover_enabled=&#8220;off&#8220; button_border_color__hover_enabled=&#8220;off&#8220; button_one_border_color__hover_enabled=&#8220;off&#8220; button_two_border_color__hover_enabled=&#8220;off&#8220; button_border_radius__hover_enabled=&#8220;off&#8220; button_one_border_radius__hover_enabled=&#8220;off&#8220; button_two_border_radius__hover_enabled=&#8220;off&#8220; button_letter_spacing__hover_enabled=&#8220;off&#8220; button_one_letter_spacing__hover_enabled=&#8220;off&#8220; button_two_letter_spacing__hover_enabled=&#8220;off&#8220; button_bg_color__hover_enabled=&#8220;off&#8220; button_one_bg_color__hover_enabled=&#8220;off&#8220; button_two_bg_color__hover_enabled=&#8220;off&#8220;][\/et_pb_slide][\/et_pb_fullwidth_slider][\/et_pb_section][et_pb_section fb_built=&#8220;1&#8243; custom_padding_last_edited=&#8220;on|desktop&#8220; _builder_version=&#8220;4.16&#8243; custom_padding=&#8220;80px||80px|&#8220; custom_padding_tablet=&#8220;&#8220; custom_padding_phone=&#8220;25px||25px|&#8220; global_colors_info=&#8220;{}&#8220;][et_pb_row custom_padding_last_edited=&#8220;on|phone&#8220; _builder_version=&#8220;4.16&#8243; custom_margin_tablet=&#8220;&#8220; custom_margin_phone=&#8220;&#8220; custom_margin_last_edited=&#8220;on|desktop&#8220; custom_padding=&#8220;25px|0px|0px|0px&#8220; custom_padding_tablet=&#8220;&#8220; custom_padding_phone=&#8220;&#8220; global_colors_info=&#8220;{}&#8220;][et_pb_column type=&#8220;4_4&#8243; _builder_version=&#8220;4.16&#8243; background_position=&#8220;top_left&#8220; custom_padding=&#8220;|||&#8220; global_colors_info=&#8220;{}&#8220; custom_padding__hover=&#8220;|||&#8220;][et_pb_text _builder_version=&#8220;4.16&#8243; text_font_size=&#8220;80&#8243; text_line_height=&#8220;1.2em&#8220; text_orientation=&#8220;center&#8220; module_alignment=&#8220;center&#8220; text_font_size_tablet=&#8220;60&#8243; text_font_size_phone=&#8220;40&#8243; text_font_size_last_edited=&#8220;on|phone&#8220; text_line_height_tablet=&#8220;&#8220; text_line_height_phone=&#8220;&#8220; text_line_height_last_edited=&#8220;on|desktop&#8220; border_style=&#8220;solid&#8220; global_colors_info=&#8220;{}&#8220;]DER WERT DES <span style=\"color: #e6673d;\"><strong>L\u00c4CHELNS<\/strong><\/span><br \/>\n[\/et_pb_text][et_pb_text disabled_on=&#8220;on|on|&#8220; admin_label=&#8220;Testo Desktop&#8220; _builder_version=&#8220;4.16&#8243; text_font_size=&#8220;22&#8243; text_orientation=&#8220;center&#8220; module_alignment=&#8220;center&#8220; text_font_size_tablet=&#8220;&#8220; text_font_size_phone=&#8220;18&#8243; text_font_size_last_edited=&#8220;on|phone&#8220; border_style=&#8220;solid&#8220; global_colors_info=&#8220;{}&#8220;]F\u00fcr die ersten Konsultationen berechnen wir Standard-Konditionen.<br \/>\n[\/et_pb_text][et_pb_text disabled_on=&#8220;off|off|on&#8220; admin_label=&#8220;Testo Mobile&#8220; _builder_version=&#8220;4.16&#8243; text_font_size=&#8220;22&#8243; text_font_size_tablet=&#8220;&#8220; text_font_size_phone=&#8220;18&#8243; text_font_size_last_edited=&#8220;on|phone&#8220; border_style=&#8220;solid&#8220; global_colors_info=&#8220;{}&#8220;]F\u00fcr die ersten Konsultationen berechnen wir Standard-Konditionen.<br \/>\n[\/et_pb_text][et_pb_pricing_tables show_bullet=&#8220;off&#8220; _builder_version=&#8220;4.16&#8243; body_font_size=&#8220;16px&#8220; price_font_size=&#8220;45&#8243; price_line_height=&#8220;68px&#8220; price_font_size_tablet=&#8220;&#8220; price_font_size_phone=&#8220;&#8220; price_font_size_last_edited=&#8220;on|desktop&#8220; border_width_all=&#8220;10px&#8220; border_color_all=&#8220;#ffffff&#8220; border_style_all=&#8220;solid&#8220; button_letter_spacing_hover=&#8220;0&#8243; use_border_color=&#8220;on&#8220; border_width=&#8220;10px&#8220; border_style=&#8220;solid&#8220; remove_featured_drop_shadow=&#8220;off&#8220; center_list_items=&#8220;off&#8220; global_colors_info=&#8220;{}&#8220; button_text_size__hover_enabled=&#8220;off&#8220; button_one_text_size__hover_enabled=&#8220;off&#8220; button_two_text_size__hover_enabled=&#8220;off&#8220; button_text_color__hover_enabled=&#8220;off&#8220; button_one_text_color__hover_enabled=&#8220;off&#8220; button_two_text_color__hover_enabled=&#8220;off&#8220; button_border_width__hover_enabled=&#8220;off&#8220; button_one_border_width__hover_enabled=&#8220;off&#8220; button_two_border_width__hover_enabled=&#8220;off&#8220; button_border_color__hover_enabled=&#8220;off&#8220; button_one_border_color__hover_enabled=&#8220;off&#8220; button_two_border_color__hover_enabled=&#8220;off&#8220; button_border_radius__hover_enabled=&#8220;off&#8220; button_one_border_radius__hover_enabled=&#8220;off&#8220; button_two_border_radius__hover_enabled=&#8220;off&#8220; button_letter_spacing__hover_enabled=&#8220;on&#8220; button_letter_spacing__hover=&#8220;0&#8243; button_one_letter_spacing__hover_enabled=&#8220;off&#8220; button_two_letter_spacing__hover_enabled=&#8220;off&#8220; button_bg_color__hover_enabled=&#8220;off&#8220; button_one_bg_color__hover_enabled=&#8220;off&#8220; button_two_bg_color__hover_enabled=&#8220;off&#8220;][et_pb_pricing_table title=&#8220;Einfache Konsultation &#8220; sum=&#8220;CHF 140.-&#8220; _builder_version=&#8220;4.16&#8243; header_font=&#8220;||||&#8220; body_font=&#8220;||||&#8220; subheader_font=&#8220;||||&#8220; price_font=&#8220;||||&#8220; currency_frequency_font=&#8220;||||&#8220; button_icon_placement=&#8220;right&#8220; button_on_hover=&#8220;on&#8220; global_colors_info=&#8220;{}&#8220; sticky_transition=&#8220;on&#8220; button_text_size__hover_enabled=&#8220;off&#8220; button_one_text_size__hover_enabled=&#8220;off&#8220; button_two_text_size__hover_enabled=&#8220;off&#8220; button_text_color__hover_enabled=&#8220;off&#8220; button_one_text_color__hover_enabled=&#8220;off&#8220; button_two_text_color__hover_enabled=&#8220;off&#8220; button_border_width__hover_enabled=&#8220;off&#8220; button_one_border_width__hover_enabled=&#8220;off&#8220; button_two_border_width__hover_enabled=&#8220;off&#8220; button_border_color__hover_enabled=&#8220;off&#8220; button_one_border_color__hover_enabled=&#8220;off&#8220; button_two_border_color__hover_enabled=&#8220;off&#8220; button_border_radius__hover_enabled=&#8220;off&#8220; button_one_border_radius__hover_enabled=&#8220;off&#8220; button_two_border_radius__hover_enabled=&#8220;off&#8220; button_letter_spacing__hover_enabled=&#8220;off&#8220; button_one_letter_spacing__hover_enabled=&#8220;off&#8220; button_two_letter_spacing__hover_enabled=&#8220;off&#8220; button_bg_color__hover_enabled=&#8220;off&#8220; button_one_bg_color__hover_enabled=&#8220;off&#8220; button_two_bg_color__hover_enabled=&#8220;off&#8220;]Erste Konsultation mit Zahnreinigung (Prophylaxe Assistentin) und zwei R\u00f6ntgenbildern.<br \/>\nMinderj\u00e4hrige CHF 100.- \/ Erwachsene CHF 140.-<br \/>\n[\/et_pb_pricing_table][et_pb_pricing_table title=&#8220;Konsultation f\u00fcr aufwendige Behandlungen&#8220; sum=&#8220;CHF 300.-&#8220; _builder_version=&#8220;4.16&#8243; header_font=&#8220;||||&#8220; body_font=&#8220;||||&#8220; subheader_font=&#8220;||||&#8220; price_font=&#8220;||||&#8220; currency_frequency_font=&#8220;||||&#8220; button_icon_placement=&#8220;right&#8220; button_on_hover=&#8220;on&#8220; global_colors_info=&#8220;{}&#8220; sticky_transition=&#8220;on&#8220; button_text_size__hover_enabled=&#8220;off&#8220; button_one_text_size__hover_enabled=&#8220;off&#8220; button_two_text_size__hover_enabled=&#8220;off&#8220; button_text_color__hover_enabled=&#8220;off&#8220; button_one_text_color__hover_enabled=&#8220;off&#8220; button_two_text_color__hover_enabled=&#8220;off&#8220; button_border_width__hover_enabled=&#8220;off&#8220; button_one_border_width__hover_enabled=&#8220;off&#8220; button_two_border_width__hover_enabled=&#8220;off&#8220; button_border_color__hover_enabled=&#8220;off&#8220; button_one_border_color__hover_enabled=&#8220;off&#8220; button_two_border_color__hover_enabled=&#8220;off&#8220; button_border_radius__hover_enabled=&#8220;off&#8220; button_one_border_radius__hover_enabled=&#8220;off&#8220; button_two_border_radius__hover_enabled=&#8220;off&#8220; button_letter_spacing__hover_enabled=&#8220;off&#8220; button_one_letter_spacing__hover_enabled=&#8220;off&#8220; button_two_letter_spacing__hover_enabled=&#8220;off&#8220; button_bg_color__hover_enabled=&#8220;off&#8220; button_one_bg_color__hover_enabled=&#8220;off&#8220; button_two_bg_color__hover_enabled=&#8220;off&#8220;]Konsultation f\u00fcr aufwendige Behandlungen<br \/>\n[\/et_pb_pricing_table][et_pb_pricing_table title=&#8220;Kieferorthop\u00e4dische Konsultation&#8220; sum=&#8220;CHF 93.-&#8220; _builder_version=&#8220;4.16&#8243; header_font=&#8220;||||&#8220; body_font=&#8220;||||&#8220; subheader_font=&#8220;||||&#8220; price_font=&#8220;||||&#8220; currency_frequency_font=&#8220;||||&#8220; button_icon_placement=&#8220;right&#8220; button_on_hover=&#8220;on&#8220; global_colors_info=&#8220;{}&#8220; sticky_transition=&#8220;on&#8220; button_text_size__hover_enabled=&#8220;off&#8220; button_one_text_size__hover_enabled=&#8220;off&#8220; button_two_text_size__hover_enabled=&#8220;off&#8220; button_text_color__hover_enabled=&#8220;off&#8220; button_one_text_color__hover_enabled=&#8220;off&#8220; button_two_text_color__hover_enabled=&#8220;off&#8220; button_border_width__hover_enabled=&#8220;off&#8220; button_one_border_width__hover_enabled=&#8220;off&#8220; button_two_border_width__hover_enabled=&#8220;off&#8220; button_border_color__hover_enabled=&#8220;off&#8220; button_one_border_color__hover_enabled=&#8220;off&#8220; button_two_border_color__hover_enabled=&#8220;off&#8220; button_border_radius__hover_enabled=&#8220;off&#8220; button_one_border_radius__hover_enabled=&#8220;off&#8220; button_two_border_radius__hover_enabled=&#8220;off&#8220; button_letter_spacing__hover_enabled=&#8220;off&#8220; button_one_letter_spacing__hover_enabled=&#8220;off&#8220; button_two_letter_spacing__hover_enabled=&#8220;off&#8220; button_bg_color__hover_enabled=&#8220;off&#8220; button_one_bg_color__hover_enabled=&#8220;off&#8220; button_two_bg_color__hover_enabled=&#8220;off&#8220;]Erste Kieferorthop\u00e4dische Befundaufnahme und Abkl\u00e4rung.<br \/>\n[\/et_pb_pricing_table][et_pb_pricing_table title=&#8220;Notfallkonsultation&#8220; sum=&#8220;CHF 300.-&#8220; _builder_version=&#8220;4.16&#8243; header_font=&#8220;||||&#8220; body_font=&#8220;||||&#8220; subheader_font=&#8220;||||&#8220; price_font=&#8220;||||&#8220; currency_frequency_font=&#8220;||||&#8220; button_icon_placement=&#8220;right&#8220; button_on_hover=&#8220;on&#8220; global_colors_info=&#8220;{}&#8220; sticky_transition=&#8220;on&#8220; button_text_size__hover_enabled=&#8220;off&#8220; button_one_text_size__hover_enabled=&#8220;off&#8220; button_two_text_size__hover_enabled=&#8220;off&#8220; button_text_color__hover_enabled=&#8220;off&#8220; button_one_text_color__hover_enabled=&#8220;off&#8220; button_two_text_color__hover_enabled=&#8220;off&#8220; button_border_width__hover_enabled=&#8220;off&#8220; button_one_border_width__hover_enabled=&#8220;off&#8220; button_two_border_width__hover_enabled=&#8220;off&#8220; button_border_color__hover_enabled=&#8220;off&#8220; button_one_border_color__hover_enabled=&#8220;off&#8220; button_two_border_color__hover_enabled=&#8220;off&#8220; button_border_radius__hover_enabled=&#8220;off&#8220; button_one_border_radius__hover_enabled=&#8220;off&#8220; button_two_border_radius__hover_enabled=&#8220;off&#8220; button_letter_spacing__hover_enabled=&#8220;off&#8220; button_one_letter_spacing__hover_enabled=&#8220;off&#8220; button_two_letter_spacing__hover_enabled=&#8220;off&#8220; button_bg_color__hover_enabled=&#8220;off&#8220; button_one_bg_color__hover_enabled=&#8220;off&#8220; button_two_bg_color__hover_enabled=&#8220;off&#8220;]Je nach Aufwand, jedoch maximal CHF 300.-<br \/>\n[\/et_pb_pricing_table][\/et_pb_pricing_tables][et_pb_text disabled_on=&#8220;on|on|&#8220; admin_label=&#8220;Testo Desktop&#8220; _builder_version=&#8220;4.16&#8243; text_font_size=&#8220;22&#8243; text_orientation=&#8220;center&#8220; module_alignment=&#8220;center&#8220; text_font_size_tablet=&#8220;&#8220; text_font_size_phone=&#8220;18&#8243; text_font_size_last_edited=&#8220;on|phone&#8220; border_style=&#8220;solid&#8220; global_colors_info=&#8220;{}&#8220;]F\u00fcr jede weitere Behandlung werden wir einen detaillierten Kostenvoranschlag unterbreiten.<br \/>\n[\/et_pb_text][et_pb_text disabled_on=&#8220;off|off|on&#8220; admin_label=&#8220;Testo Mobile&#8220; _builder_version=&#8220;4.16&#8243; text_font_size=&#8220;22&#8243; text_font_size_tablet=&#8220;&#8220; text_font_size_phone=&#8220;18&#8243; text_font_size_last_edited=&#8220;on|phone&#8220; border_style=&#8220;solid&#8220; global_colors_info=&#8220;{}&#8220;]F\u00fcr jede weitere Behandlung werden wir einen detaillierten Kostenvoranschlag unterbreiten.<br \/>\n[\/et_pb_text][\/et_pb_column][\/et_pb_row][et_pb_row make_equal=&#8220;on&#8220; disabled_on=&#8220;on|on|&#8220; admin_label=&#8220;Riga Desktop&#8220; _builder_version=&#8220;4.16&#8243; custom_margin=&#8220;80px|||&#8220; custom_margin_tablet=&#8220;40px|||&#8220; custom_margin_phone=&#8220;25px|||&#8220; custom_margin_last_edited=&#8220;on|phone&#8220; custom_padding=&#8220;0px|0px|0px|0px&#8220; global_colors_info=&#8220;{}&#8220; column_structure=&#8220;1_2,1_2&#8243;][et_pb_column type=&#8220;1_2&#8243; _builder_version=&#8220;4.16&#8243; background_position=&#8220;top_left&#8220; custom_padding=&#8220;|||&#8220; global_colors_info=&#8220;{}&#8220; custom_padding__hover=&#8220;|||&#8220;][et_pb_image src=&#8220;https:\/\/intellident.ch\/index\/wp-content\/uploads\/famiglie-compressor.jpg&#8220; show_bottom_space=&#8220;off&#8220; align_tablet=&#8220;center&#8220; align_last_edited=&#8220;on|desktop&#8220; _builder_version=&#8220;4.16&#8243; border_style=&#8220;solid&#8220; animation=&#8220;off&#8220; sticky=&#8220;on&#8220; always_center_on_mobile=&#8220;on&#8220; global_colors_info=&#8220;{}&#8220; align_phone=&#8220;center&#8220;][\/et_pb_image][\/et_pb_column][et_pb_column type=&#8220;1_2&#8243; _builder_version=&#8220;4.16&#8243; background_position=&#8220;top_left&#8220; custom_padding=&#8220;|||&#8220; global_colors_info=&#8220;{}&#8220; custom_padding__hover=&#8220;|||&#8220;][et_pb_divider divider_weight=&#8220;2&#8243; _builder_version=&#8220;4.16&#8243; hide_on_mobile=&#8220;off&#8220; global_colors_info=&#8220;{}&#8220;][\/et_pb_divider][et_pb_text _builder_version=&#8220;4.16&#8243; text_font_size=&#8220;25&#8243; text_line_height=&#8220;1.2em&#8220; text_font_size_tablet=&#8220;&#8220; text_font_size_phone=&#8220;18&#8243; text_font_size_last_edited=&#8220;on|phone&#8220; text_line_height_tablet=&#8220;&#8220; text_line_height_phone=&#8220;&#8220; text_line_height_last_edited=&#8220;on|desktop&#8220; border_style=&#8220;solid&#8220; global_colors_info=&#8220;{}&#8220;]EIN WEITERER GRUND ZU <span style=\"color: #e6673d;\"><strong>L\u00c4CHELN<\/strong><\/span><br \/>\n[\/et_pb_text][et_pb_text _builder_version=&#8220;4.24.2&#8243; text_font_size=&#8220;22&#8243; hover_enabled=&#8220;0&#8243; text_font_size_tablet=&#8220;&#8220; text_font_size_phone=&#8220;18&#8243; text_font_size_last_edited=&#8220;on|phone&#8220; border_style=&#8220;solid&#8220; global_colors_info=&#8220;{}&#8220; sticky_enabled=&#8220;0&#8243;]<\/p>\n<p>Wir unterst\u00fctzen die Familien mit sozialen Taxpunktewert (CHF 1.00) f\u00fcr Kinder und Minderj\u00e4hrige.<\/p>\n<p>F\u00fcr Erwachsene ist der Taxpunktwert CHF 1.20.<\/p>\n<p>[\/et_pb_text][\/et_pb_column][\/et_pb_row][et_pb_row make_equal=&#8220;on&#8220; disabled_on=&#8220;||on&#8220; admin_label=&#8220;Riga Mobile&#8220; _builder_version=&#8220;4.16&#8243; custom_margin=&#8220;80px|||&#8220; custom_margin_tablet=&#8220;40px|||&#8220; custom_margin_phone=&#8220;25px|||&#8220; custom_margin_last_edited=&#8220;on|phone&#8220; custom_padding=&#8220;0px|0px|0px|0px&#8220; global_colors_info=&#8220;{}&#8220; column_structure=&#8220;1_2,1_2&#8243;][et_pb_column type=&#8220;1_2&#8243; _builder_version=&#8220;4.16&#8243; background_position=&#8220;top_left&#8220; custom_padding=&#8220;|||&#8220; global_colors_info=&#8220;{}&#8220; custom_padding__hover=&#8220;|||&#8220;][et_pb_divider divider_weight=&#8220;2&#8243; _builder_version=&#8220;4.16&#8243; hide_on_mobile=&#8220;off&#8220; global_colors_info=&#8220;{}&#8220;][\/et_pb_divider][et_pb_text _builder_version=&#8220;4.16&#8243; text_font_size=&#8220;25&#8243; text_line_height=&#8220;1.2em&#8220; text_font_size_tablet=&#8220;&#8220; text_font_size_phone=&#8220;18&#8243; text_font_size_last_edited=&#8220;on|phone&#8220; text_line_height_tablet=&#8220;&#8220; text_line_height_phone=&#8220;&#8220; text_line_height_last_edited=&#8220;on|desktop&#8220; border_style=&#8220;solid&#8220; global_colors_info=&#8220;{}&#8220;]EIN WEITERER GRUND ZU <span style=\"color: #e6673d;\"><strong>L\u00c4CHELN<\/strong><\/span><br \/>\n[\/et_pb_text][et_pb_text _builder_version=&#8220;4.16&#8243; text_font_size=&#8220;22&#8243; text_font_size_tablet=&#8220;&#8220; text_font_size_phone=&#8220;18&#8243; text_font_size_last_edited=&#8220;on|phone&#8220; border_style=&#8220;solid&#8220; global_colors_info=&#8220;{}&#8220;]Wir unterst\u00fctzen die Familien mit sozialen Taxpunktewert (CHF 1.00) f\u00fcr Kinder und Minderj\u00e4hrige.<\/p>\n<p>F\u00fcr Erwachsene ist der Taxpunktwert CHF 1.20.<br \/>\n[\/et_pb_text][\/et_pb_column][et_pb_column type=&#8220;1_2&#8243; _builder_version=&#8220;4.16&#8243; background_position=&#8220;top_left&#8220; custom_padding=&#8220;|||&#8220; global_colors_info=&#8220;{}&#8220; custom_padding__hover=&#8220;|||&#8220;][et_pb_image src=&#8220;https:\/\/intellident.ch\/index\/wp-content\/uploads\/famiglie-compressor.jpg&#8220; show_bottom_space=&#8220;off&#8220; align_tablet=&#8220;center&#8220; align_last_edited=&#8220;on|desktop&#8220; _builder_version=&#8220;4.16&#8243; border_style=&#8220;solid&#8220; animation=&#8220;off&#8220; sticky=&#8220;on&#8220; always_center_on_mobile=&#8220;on&#8220; global_colors_info=&#8220;{}&#8220; align_phone=&#8220;center&#8220;][\/et_pb_image][\/et_pb_column][\/et_pb_row][et_pb_row make_equal=&#8220;on&#8220; _builder_version=&#8220;4.16&#8243; custom_margin=&#8220;80px|||&#8220; custom_margin_tablet=&#8220;40px|||&#8220; custom_margin_phone=&#8220;25px|||&#8220; custom_margin_last_edited=&#8220;on|phone&#8220; custom_padding=&#8220;0px|0px|0px|0px&#8220; global_colors_info=&#8220;{}&#8220; column_structure=&#8220;1_2,1_2&#8243;][et_pb_column type=&#8220;1_2&#8243; _builder_version=&#8220;4.16&#8243; background_position=&#8220;top_left&#8220; custom_padding=&#8220;|||&#8220; global_colors_info=&#8220;{}&#8220; custom_padding__hover=&#8220;|||&#8220;][et_pb_divider divider_weight=&#8220;2&#8243; _builder_version=&#8220;4.16&#8243; hide_on_mobile=&#8220;off&#8220; global_colors_info=&#8220;{}&#8220;][\/et_pb_divider][et_pb_text _builder_version=&#8220;4.16&#8243; text_font_size=&#8220;25&#8243; text_line_height=&#8220;1.2em&#8220; text_font_size_tablet=&#8220;&#8220; text_font_size_phone=&#8220;18&#8243; text_font_size_last_edited=&#8220;on|phone&#8220; text_line_height_tablet=&#8220;&#8220; text_line_height_phone=&#8220;&#8220; text_line_height_last_edited=&#8220;on|desktop&#8220; border_style=&#8220;solid&#8220; global_colors_info=&#8220;{}&#8220;]L\u00c4CHELN IN <span style=\"color: #e6673d;\"><strong>DER NOT<\/strong><\/span><br \/>\n[\/et_pb_text][et_pb_text _builder_version=&#8220;4.16&#8243; text_font_size=&#8220;22&#8243; text_font_size_tablet=&#8220;&#8220; text_font_size_phone=&#8220;18&#8243; text_font_size_last_edited=&#8220;on|phone&#8220; border_style=&#8220;solid&#8220; global_colors_info=&#8220;{}&#8220;]Dr Paolo Guerra ist Mitglied von Secours Dentaire International (SDI), eine schweizerische Stiftung mit dem Hauptzweck, in den L\u00e4ndern des S\u00fcdens soziale Zahnheilkunde zu betreiben. Er setzt sich freiwillig ein, Kindern der Elfenbeink\u00fcste das L\u00e4cheln zur\u00fcckzubringen.<br \/>\n[\/et_pb_text][\/et_pb_column][et_pb_column type=&#8220;1_2&#8243; _builder_version=&#8220;4.16&#8243; background_position=&#8220;top_left&#8220; custom_padding=&#8220;|||&#8220; global_colors_info=&#8220;{}&#8220; custom_padding__hover=&#8220;|||&#8220;][et_pb_image src=&#8220;https:\/\/intellident.ch\/index\/wp-content\/uploads\/bisogno-compressor.jpg&#8220; show_bottom_space=&#8220;off&#8220; align_tablet=&#8220;center&#8220; align_last_edited=&#8220;on|desktop&#8220; _builder_version=&#8220;4.16&#8243; border_style=&#8220;solid&#8220; animation=&#8220;off&#8220; sticky=&#8220;on&#8220; always_center_on_mobile=&#8220;on&#8220; global_colors_info=&#8220;{}&#8220; align_phone=&#8220;center&#8220;][\/et_pb_image][\/et_pb_column][\/et_pb_row][et_pb_row custom_padding_last_edited=&#8220;on|phone&#8220; _builder_version=&#8220;4.16&#8243; custom_margin_tablet=&#8220;&#8220; custom_margin_phone=&#8220;&#8220; custom_margin_last_edited=&#8220;on|desktop&#8220; custom_padding=&#8220;25px|0px|0px|0px&#8220; custom_padding_tablet=&#8220;&#8220; custom_padding_phone=&#8220;&#8220; global_colors_info=&#8220;{}&#8220;][et_pb_column type=&#8220;4_4&#8243; _builder_version=&#8220;4.16&#8243; background_position=&#8220;top_left&#8220; custom_padding=&#8220;|||&#8220; global_colors_info=&#8220;{}&#8220; custom_padding__hover=&#8220;|||&#8220;][et_pb_divider show_divider=&#8220;off&#8220; disabled_on=&#8220;on|on|off&#8220; _builder_version=&#8220;4.16&#8243; height=&#8220;80px&#8220; hide_on_mobile=&#8220;on&#8220; global_colors_info=&#8220;{}&#8220;][\/et_pb_divider][\/et_pb_column][\/et_pb_row][\/et_pb_section]<\/p>\n","protected":false},"excerpt":{"rendered":"<p>DER WERT DES L\u00c4CHELNS F\u00fcr die ersten Konsultationen berechnen wir Standard-Konditionen. F\u00fcr die ersten Konsultationen berechnen wir Standard-Konditionen. Erste Konsultation mit Zahnreinigung (Prophylaxe Assistentin) und zwei R\u00f6ntgenbildern. Minderj\u00e4hrige CHF 100.- \/ Erwachsene CHF 140.- Konsultation f\u00fcr aufwendige Behandlungen Erste Kieferorthop\u00e4dische Befundaufnahme und Abkl\u00e4rung. Je nach Aufwand, jedoch maximal CHF 300.- F\u00fcr jede weitere Behandlung werden [&hellip;]<\/p>\n","protected":false},"author":1,"featured_media":0,"parent":0,"menu_order":0,"comment_status":"closed","ping_status":"closed","template":"","meta":{"_et_pb_use_builder":"on","_et_pb_old_content":"","_et_gb_content_width":"","footnotes":""},"class_list":["post-16184","page","type-page","status-publish","hentry"],"_links":{"self":[{"href":"https:\/\/intellident.ch\/index\/de\/wp-json\/wp\/v2\/pages\/16184","targetHints":{"allow":["GET"]}}],"collection":[{"href":"https:\/\/intellident.ch\/index\/de\/wp-json\/wp\/v2\/pages"}],"about":[{"href":"https:\/\/intellident.ch\/index\/de\/wp-json\/wp\/v2\/types\/page"}],"author":[{"embeddable":true,"href":"https:\/\/intellident.ch\/index\/de\/wp-json\/wp\/v2\/users\/1"}],"replies":[{"embeddable":true,"href":"https:\/\/intellident.ch\/index\/de\/wp-json\/wp\/v2\/comments?post=16184"}],"version-history":[{"count":7,"href":"https:\/\/intellident.ch\/index\/de\/wp-json\/wp\/v2\/pages\/16184\/revisions"}],"predecessor-version":[{"id":16191,"href":"https:\/\/intellident.ch\/index\/de\/wp-json\/wp\/v2\/pages\/16184\/revisions\/16191"}],"wp:attachment":[{"href":"https:\/\/intellident.ch\/index\/de\/wp-json\/wp\/v2\/media?parent=16184"}],"curies":[{"name":"wp","href":"https:\/\/api.w.org\/{rel}","templated":true}]}}