{"id":16160,"date":"2017-07-07T16:02:23","date_gmt":"2017-07-07T14:02:23","guid":{"rendered":"https:\/\/intellident.ch\/index\/le-soin\/"},"modified":"2024-03-12T12:09:23","modified_gmt":"2024-03-12T11:09:23","slug":"le-soin","status":"publish","type":"page","link":"https:\/\/intellident.ch\/index\/fr\/le-soin\/","title":{"rendered":"Le soin"},"content":{"rendered":"<p>[et_pb_section bb_built=\u00a0\u00bb1&Prime; background_color=\u00a0\u00bbrgba(230,103,61,0)\u00a0\u00bb custom_padding=\u00a0\u00bb0px|0px|0px|\u00a0\u00bb fullwidth=\u00a0\u00bbon\u00a0\u00bb _builder_version=\u00a0\u00bb3.0.60&Prime;][et_pb_fullwidth_slider admin_label=\u00a0\u00bbFullwidth Slider\u00a0\u00bb auto=\u00a0\u00bbon\u00a0\u00bb remove_inner_shadow=\u00a0\u00bbon\u00a0\u00bb top_padding_last_edited=\u00a0\u00bbon|desktop\u00a0\u00bb _builder_version=\u00a0\u00bb3.0.60&Prime;]<\/p>\n<p>[et_pb_slide background_image=\u00a0\u00bbhttps:\/\/intellident.ch\/index\/wp-content\/uploads\/cura-compressor.jpg\u00a0\u00bb use_bg_overlay=\u00a0\u00bboff\u00a0\u00bb use_text_overlay=\u00a0\u00bboff\u00a0\u00bb _builder_version=\u00a0\u00bb3.0.47&Prime; header_font=\u00a0\u00bb||||\u00a0\u00bb body_font=\u00a0\u00bb||||\u00a0\u00bb custom_button=\u00a0\u00bboff\u00a0\u00bb button_icon_placement=\u00a0\u00bbright\u00a0\u00bb button_on_hover=\u00a0\u00bbon\u00a0\u00bb][\/et_pb_slide]<\/p>\n<p>[\/et_pb_fullwidth_slider][\/et_pb_section][et_pb_section bb_built=\u00a0\u00bb1&Prime; custom_padding=\u00a0\u00bb80px||80px|\u00a0\u00bb custom_padding_phone=\u00a0\u00bb25px||25px|\u00a0\u00bb custom_padding_last_edited=\u00a0\u00bbon|desktop\u00a0\u00bb _builder_version=\u00a0\u00bb3.0.60&Prime;][et_pb_row background_position_1=\u00a0\u00bbtop_left\u00a0\u00bb background_repeat_1=\u00a0\u00bbno-repeat\u00a0\u00bb _builder_version=\u00a0\u00bb3.0.60&Prime; custom_margin_last_edited=\u00a0\u00bbon|desktop\u00a0\u00bb custom_padding=\u00a0\u00bb25px|0px|0px|0px\u00a0\u00bb custom_padding_last_edited=\u00a0\u00bbon|phone\u00a0\u00bb][et_pb_column type=\u00a0\u00bb4_4&Prime;][et_pb_text text_orientation=\u00a0\u00bbcenter\u00a0\u00bb _builder_version=\u00a0\u00bb3.0.60&Prime; text_font_size=\u00a0\u00bb80&Prime; text_font_size_tablet=\u00a0\u00bb60&Prime; text_font_size_phone=\u00a0\u00bb40&Prime; text_font_size_last_edited=\u00a0\u00bbon|phone\u00a0\u00bb text_line_height=\u00a0\u00bb1.2em\u00a0\u00bb text_line_height_last_edited=\u00a0\u00bbon|desktop\u00a0\u00bb]<\/p>\n<p>LE SOIN DU <span style=\"color: #e6673d;\"><strong>SOURIRE<\/strong><\/span><\/p>\n<p>[\/et_pb_text][et_pb_text admin_label=\u00a0\u00bbTesto Desktop\u00a0\u00bb text_orientation=\u00a0\u00bbcenter\u00a0\u00bb _builder_version=\u00a0\u00bb3.0.60&Prime; text_font_size=\u00a0\u00bb22&Prime; text_font_size_phone=\u00a0\u00bb18&Prime; text_font_size_last_edited=\u00a0\u00bbon|phone\u00a0\u00bb background_layout=\u00a0\u00bblight\u00a0\u00bb border_style=\u00a0\u00bbsolid\u00a0\u00bb disabled=\u00a0\u00bboff\u00a0\u00bb disabled_on=\u00a0\u00bbon|on|\u00a0\u00bb]<\/p>\n<p>Le soin dentaire devrait avoir comme objectif d\u2019am\u00e9liorer la qualit\u00e9 de la vie. Pour y parvenir, en partant d\u2019un point de vue strictement m\u00e9dical, nous travaillons \u00e0 \u00e9liminer les infections de la cavit\u00e9 buccale, puis nous nous concentrons sur la r\u00e9\u00e9ducation fonctionnelle qui permet au patient de mastiquer \u00e0 nouveau au mode correct. Pour terminer donc avec la r\u00e9\u00e9ducation esth\u00e9tique, nous redessinons votre sourire selon les principes modernes du \u201csmile makeover\u201d, sans oublier la prophylaxie et la th\u00e9rapie d\u2019entretien personnalis\u00e9e.<\/p>\n<p>[\/et_pb_text][et_pb_text admin_label=\u00a0\u00bbTesto Mobile\u00a0\u00bb text_orientation=\u00a0\u00bbleft\u00a0\u00bb _builder_version=\u00a0\u00bb3.0.60&Prime; text_font_size=\u00a0\u00bb22&Prime; text_font_size_phone=\u00a0\u00bb18&Prime; text_font_size_last_edited=\u00a0\u00bbon|phone\u00a0\u00bb background_layout=\u00a0\u00bblight\u00a0\u00bb border_style=\u00a0\u00bbsolid\u00a0\u00bb disabled=\u00a0\u00bboff\u00a0\u00bb disabled_on=\u00a0\u00bb||on\u00a0\u00bb]<\/p>\n<p>Le soin dentaire devrait avoir comme objectif d\u2019am\u00e9liorer la qualit\u00e9 de la vie. Pour y parvenir, en partant d\u2019un point de vue strictement m\u00e9dical, nous travaillons \u00e0 \u00e9liminer les infections de la cavit\u00e9 buccale, puis nous nous concentrons sur la r\u00e9\u00e9ducation fonctionnelle qui permet au patient de mastiquer \u00e0 nouveau au mode correct. Pour terminer donc avec la r\u00e9\u00e9ducation esth\u00e9tique, nous redessinons votre sourire selon les principes modernes du \u201csmile makeover\u201d, sans oublier la prophylaxie et la th\u00e9rapie d\u2019entretien personnalis\u00e9e.<\/p>\n<p>[\/et_pb_text][\/et_pb_column][\/et_pb_row][et_pb_row admin_label=\u00a0\u00bbRiga Desktop\u00a0\u00bb make_equal=\u00a0\u00bbon\u00a0\u00bb background_position_1=\u00a0\u00bbtop_left\u00a0\u00bb background_position_2=\u00a0\u00bbtop_left\u00a0\u00bb background_repeat_1=\u00a0\u00bbno-repeat\u00a0\u00bb background_repeat_2=\u00a0\u00bbno-repeat\u00a0\u00bb _builder_version=\u00a0\u00bb3.0.60&Prime; custom_padding=\u00a0\u00bb0px|0px|0px|0px\u00a0\u00bb custom_margin=\u00a0\u00bb80px|||\u00a0\u00bb custom_margin_last_edited=\u00a0\u00bbon|phone\u00a0\u00bb custom_margin_tablet=\u00a0\u00bb40px|||\u00a0\u00bb custom_margin_phone=\u00a0\u00bb25px|||\u00a0\u00bb disabled=\u00a0\u00bboff\u00a0\u00bb disabled_on=\u00a0\u00bbon|on|\u00a0\u00bb][et_pb_column type=\u00a0\u00bb1_2&Prime;][et_pb_image src=\u00a0\u00bbhttps:\/\/intellident.ch\/index\/wp-content\/uploads\/eccellenza-compressor.jpg\u00a0\u00bb animation=\u00a0\u00bboff\u00a0\u00bb sticky=\u00a0\u00bbon\u00a0\u00bb _builder_version=\u00a0\u00bb3.0.61&Prime; \/][\/et_pb_column][et_pb_column type=\u00a0\u00bb1_2&Prime;][et_pb_divider _builder_version=\u00a0\u00bb3.0.60&Prime; show_divider=\u00a0\u00bbon\u00a0\u00bb divider_style=\u00a0\u00bbsolid\u00a0\u00bb divider_position=\u00a0\u00bbtop\u00a0\u00bb divider_weight=\u00a0\u00bb2&Prime; color=\u00a0\u00bb#e6673d\u00a0\u00bb hide_on_mobile=\u00a0\u00bboff\u00a0\u00bb \/][et_pb_text _builder_version=\u00a0\u00bb3.0.60&Prime; text_font_size=\u00a0\u00bb25&Prime; text_font_size_phone=\u00a0\u00bb18&Prime; text_font_size_last_edited=\u00a0\u00bbon|phone\u00a0\u00bb text_line_height=\u00a0\u00bb1.2em\u00a0\u00bb text_line_height_last_edited=\u00a0\u00bbon|desktop\u00a0\u00bb]<\/p>\n<p>L\u2019EXCELLENCE DU <span style=\"color: #e6673d;\"><strong>SOURIRE<\/strong><\/span><\/p>\n<p>[\/et_pb_text][et_pb_text _builder_version=\u00a0\u00bb3.0.60&Prime; text_font_size=\u00a0\u00bb22&Prime; text_font_size_phone=\u00a0\u00bb18&Prime; text_font_size_last_edited=\u00a0\u00bbon|phone\u00a0\u00bb]<\/p>\n<p>Du diagnostic aux traitements pi\u00f9 complexes, nous utilisons les meilleures techniques et technologies dans le but d\u2019obtenir des r\u00e9sultats excellents dans chaque aspect.<\/p>\n<p>[\/et_pb_text][\/et_pb_column][\/et_pb_row][et_pb_row admin_label=\u00a0\u00bbRiga Mobile\u00a0\u00bb make_equal=\u00a0\u00bbon\u00a0\u00bb background_position_1=\u00a0\u00bbtop_left\u00a0\u00bb background_position_2=\u00a0\u00bbtop_left\u00a0\u00bb background_repeat_1=\u00a0\u00bbno-repeat\u00a0\u00bb background_repeat_2=\u00a0\u00bbno-repeat\u00a0\u00bb _builder_version=\u00a0\u00bb3.0.60&Prime; custom_padding=\u00a0\u00bb0px|0px|0px|0px\u00a0\u00bb custom_margin=\u00a0\u00bb80px|||\u00a0\u00bb custom_margin_last_edited=\u00a0\u00bbon|phone\u00a0\u00bb custom_margin_tablet=\u00a0\u00bb40px|||\u00a0\u00bb custom_margin_phone=\u00a0\u00bb25px|||\u00a0\u00bb disabled=\u00a0\u00bboff\u00a0\u00bb disabled_on=\u00a0\u00bb||on\u00a0\u00bb][et_pb_column type=\u00a0\u00bb1_2&Prime;][et_pb_divider _builder_version=\u00a0\u00bb3.0.60&Prime; show_divider=\u00a0\u00bbon\u00a0\u00bb divider_style=\u00a0\u00bbsolid\u00a0\u00bb divider_position=\u00a0\u00bbtop\u00a0\u00bb divider_weight=\u00a0\u00bb2&Prime; color=\u00a0\u00bb#e6673d\u00a0\u00bb hide_on_mobile=\u00a0\u00bboff\u00a0\u00bb \/][et_pb_text _builder_version=\u00a0\u00bb3.0.60&Prime; text_font_size=\u00a0\u00bb25&Prime; text_font_size_phone=\u00a0\u00bb18&Prime; text_font_size_last_edited=\u00a0\u00bbon|phone\u00a0\u00bb text_line_height=\u00a0\u00bb1.2em\u00a0\u00bb text_line_height_last_edited=\u00a0\u00bbon|desktop\u00a0\u00bb]<\/p>\n<p>L\u2019EXCELLENCE DU <span style=\"color: #e6673d;\"><strong>SOURIRE<\/strong><\/span><\/p>\n<p>[\/et_pb_text][et_pb_text _builder_version=\u00a0\u00bb3.0.60&Prime; text_font_size=\u00a0\u00bb22&Prime; text_font_size_phone=\u00a0\u00bb18&Prime; text_font_size_last_edited=\u00a0\u00bbon|phone\u00a0\u00bb]<\/p>\n<p>Du diagnostic aux traitements pi\u00f9 complexes, nous utilisons les meilleures techniques et technologies dans le but d\u2019obtenir des r\u00e9sultats excellents dans chaque aspect.<\/p>\n<p>[\/et_pb_text][\/et_pb_column][et_pb_column type=\u00a0\u00bb1_2&Prime;][et_pb_image src=\u00a0\u00bbhttps:\/\/intellident.ch\/index\/wp-content\/uploads\/eccellenza-compressor.jpg\u00a0\u00bb animation=\u00a0\u00bboff\u00a0\u00bb sticky=\u00a0\u00bbon\u00a0\u00bb _builder_version=\u00a0\u00bb3.0.61&Prime; \/][\/et_pb_column][\/et_pb_row][et_pb_row make_equal=\u00a0\u00bbon\u00a0\u00bb background_position_1=\u00a0\u00bbtop_left\u00a0\u00bb background_position_2=\u00a0\u00bbtop_left\u00a0\u00bb background_repeat_1=\u00a0\u00bbno-repeat\u00a0\u00bb background_repeat_2=\u00a0\u00bbno-repeat\u00a0\u00bb _builder_version=\u00a0\u00bb3.0.60&Prime; custom_padding=\u00a0\u00bb0px|0px|0px|0px\u00a0\u00bb custom_margin=\u00a0\u00bb80px|||\u00a0\u00bb custom_margin_last_edited=\u00a0\u00bbon|phone\u00a0\u00bb custom_margin_tablet=\u00a0\u00bb40px|||\u00a0\u00bb custom_margin_phone=\u00a0\u00bb25px|||\u00a0\u00bb][et_pb_column type=\u00a0\u00bb1_2&Prime;][et_pb_divider _builder_version=\u00a0\u00bb3.0.60&Prime; show_divider=\u00a0\u00bbon\u00a0\u00bb divider_style=\u00a0\u00bbsolid\u00a0\u00bb divider_position=\u00a0\u00bbtop\u00a0\u00bb divider_weight=\u00a0\u00bb2&Prime; color=\u00a0\u00bb#e6673d\u00a0\u00bb hide_on_mobile=\u00a0\u00bboff\u00a0\u00bb \/][et_pb_text _builder_version=\u00a0\u00bb3.0.60&Prime; text_font_size=\u00a0\u00bb25&Prime; text_font_size_phone=\u00a0\u00bb18&Prime; text_font_size_last_edited=\u00a0\u00bbon|phone\u00a0\u00bb text_line_height=\u00a0\u00bb1.2em\u00a0\u00bb text_line_height_last_edited=\u00a0\u00bbon|desktop\u00a0\u00bb background_layout=\u00a0\u00bblight\u00a0\u00bb text_orientation=\u00a0\u00bbleft\u00a0\u00bb border_style=\u00a0\u00bbsolid\u00a0\u00bb]<\/p>\n<p>LE DIALOGUE DU <span style=\"color: #e6673d;\"><strong>SOURIRE<\/strong><\/span><\/p>\n<p>[\/et_pb_text][et_pb_text _builder_version=\u00a0\u00bb3.0.60&Prime; text_font_size=\u00a0\u00bb22&Prime; text_font_size_phone=\u00a0\u00bb18&Prime; text_font_size_last_edited=\u00a0\u00bbon|phone\u00a0\u00bb background_layout=\u00a0\u00bblight\u00a0\u00bb text_orientation=\u00a0\u00bbleft\u00a0\u00bb border_style=\u00a0\u00bbsolid\u00a0\u00bb]<\/p>\n<p>Les techniques de communication modernes sont \u00e0 notre disposition pour \u00e9tablir un dialogue authentique et transparent sur vos besoins et vos options th\u00e9rapeutiques.<\/p>\n<p>[\/et_pb_text][\/et_pb_column][et_pb_column type=\u00a0\u00bb1_2&Prime;][et_pb_image src=\u00a0\u00bbhttps:\/\/intellident.ch\/index\/wp-content\/uploads\/dialogo-compressor.jpg\u00a0\u00bb animation=\u00a0\u00bboff\u00a0\u00bb sticky=\u00a0\u00bbon\u00a0\u00bb _builder_version=\u00a0\u00bb3.0.60&Prime; show_in_lightbox=\u00a0\u00bboff\u00a0\u00bb url_new_window=\u00a0\u00bboff\u00a0\u00bb align=\u00a0\u00bbleft\u00a0\u00bb always_center_on_mobile=\u00a0\u00bbon\u00a0\u00bb use_overlay=\u00a0\u00bboff\u00a0\u00bb border_style=\u00a0\u00bbsolid\u00a0\u00bb force_fullwidth=\u00a0\u00bboff\u00a0\u00bb \/][\/et_pb_column][\/et_pb_row][et_pb_row admin_label=\u00a0\u00bbRiga Desktop\u00a0\u00bb make_equal=\u00a0\u00bbon\u00a0\u00bb background_position_1=\u00a0\u00bbtop_left\u00a0\u00bb background_position_2=\u00a0\u00bbtop_left\u00a0\u00bb background_repeat_1=\u00a0\u00bbno-repeat\u00a0\u00bb background_repeat_2=\u00a0\u00bbno-repeat\u00a0\u00bb _builder_version=\u00a0\u00bb3.0.61&Prime; custom_padding=\u00a0\u00bb0px|0px|0px|0px\u00a0\u00bb custom_margin=\u00a0\u00bb80px|||\u00a0\u00bb custom_margin_last_edited=\u00a0\u00bbon|phone\u00a0\u00bb custom_margin_tablet=\u00a0\u00bb40px|||\u00a0\u00bb custom_margin_phone=\u00a0\u00bb25px|||\u00a0\u00bb disabled=\u00a0\u00bboff\u00a0\u00bb disabled_on=\u00a0\u00bbon|on|\u00a0\u00bb][et_pb_column type=\u00a0\u00bb1_2&Prime;][et_pb_image src=\u00a0\u00bbhttps:\/\/intellident.ch\/index\/wp-content\/uploads\/swisslabel-logo.png\u00a0\u00bb animation=\u00a0\u00bboff\u00a0\u00bb sticky=\u00a0\u00bbon\u00a0\u00bb _builder_version=\u00a0\u00bb3.0.61&Prime; show_in_lightbox=\u00a0\u00bboff\u00a0\u00bb url_new_window=\u00a0\u00bboff\u00a0\u00bb use_overlay=\u00a0\u00bboff\u00a0\u00bb align=\u00a0\u00bbleft\u00a0\u00bb always_center_on_mobile=\u00a0\u00bbon\u00a0\u00bb border_style=\u00a0\u00bbsolid\u00a0\u00bb force_fullwidth=\u00a0\u00bboff\u00a0\u00bb \/][\/et_pb_column][et_pb_column type=\u00a0\u00bb1_2&Prime;][et_pb_divider _builder_version=\u00a0\u00bb3.0.61&Prime; show_divider=\u00a0\u00bbon\u00a0\u00bb divider_style=\u00a0\u00bbsolid\u00a0\u00bb divider_position=\u00a0\u00bbtop\u00a0\u00bb divider_weight=\u00a0\u00bb2&Prime; color=\u00a0\u00bb#e6673d\u00a0\u00bb hide_on_mobile=\u00a0\u00bboff\u00a0\u00bb \/][et_pb_text _builder_version=\u00a0\u00bb3.0.61&Prime; text_font_size=\u00a0\u00bb25&Prime; text_font_size_phone=\u00a0\u00bb18&Prime; text_font_size_last_edited=\u00a0\u00bbon|phone\u00a0\u00bb text_line_height=\u00a0\u00bb1.2em\u00a0\u00bb text_line_height_last_edited=\u00a0\u00bbon|desktop\u00a0\u00bb background_layout=\u00a0\u00bblight\u00a0\u00bb text_orientation=\u00a0\u00bbleft\u00a0\u00bb border_style=\u00a0\u00bbsolid\u00a0\u00bb]<\/p>\n<p>LA QUALIT\u00c9 DU <span style=\"color: #e6673d;\"><strong>SOURIRE<\/strong><\/span><\/p>\n<p>[\/et_pb_text][et_pb_text _builder_version=\u00a0\u00bb3.0.61&Prime; text_font_size=\u00a0\u00bb22&Prime; text_font_size_phone=\u00a0\u00bb18&Prime; text_font_size_last_edited=\u00a0\u00bbon|phone\u00a0\u00bb background_layout=\u00a0\u00bblight\u00a0\u00bb text_orientation=\u00a0\u00bbleft\u00a0\u00bb border_style=\u00a0\u00bbsolid\u00a0\u00bb]<\/p>\n<p>Depuis 2017 nous sommes le premier cabinet dentaire \u00e0 obtenir la certification Swiss Label.<\/p>\n<p>[\/et_pb_text][\/et_pb_column][\/et_pb_row][et_pb_row admin_label=\u00a0\u00bbRiga Desktop\u00a0\u00bb make_equal=\u00a0\u00bbon\u00a0\u00bb background_position_1=\u00a0\u00bbtop_left\u00a0\u00bb background_position_2=\u00a0\u00bbtop_left\u00a0\u00bb background_repeat_1=\u00a0\u00bbno-repeat\u00a0\u00bb background_repeat_2=\u00a0\u00bbno-repeat\u00a0\u00bb _builder_version=\u00a0\u00bb3.0.61&Prime; custom_padding=\u00a0\u00bb0px|0px|0px|0px\u00a0\u00bb custom_margin=\u00a0\u00bb80px|||\u00a0\u00bb custom_margin_last_edited=\u00a0\u00bbon|phone\u00a0\u00bb custom_margin_tablet=\u00a0\u00bb40px|||\u00a0\u00bb custom_margin_phone=\u00a0\u00bb25px|||\u00a0\u00bb disabled=\u00a0\u00bboff\u00a0\u00bb disabled_on=\u00a0\u00bboff|off|on\u00a0\u00bb][et_pb_column type=\u00a0\u00bb1_2&Prime;][et_pb_divider _builder_version=\u00a0\u00bb3.0.61&Prime; show_divider=\u00a0\u00bbon\u00a0\u00bb divider_style=\u00a0\u00bbsolid\u00a0\u00bb divider_position=\u00a0\u00bbtop\u00a0\u00bb divider_weight=\u00a0\u00bb2&Prime; color=\u00a0\u00bb#e6673d\u00a0\u00bb hide_on_mobile=\u00a0\u00bboff\u00a0\u00bb \/][et_pb_text _builder_version=\u00a0\u00bb3.0.61&Prime; text_font_size=\u00a0\u00bb25&Prime; text_font_size_phone=\u00a0\u00bb18&Prime; text_font_size_last_edited=\u00a0\u00bbon|phone\u00a0\u00bb text_line_height=\u00a0\u00bb1.2em\u00a0\u00bb text_line_height_last_edited=\u00a0\u00bbon|desktop\u00a0\u00bb background_layout=\u00a0\u00bblight\u00a0\u00bb text_orientation=\u00a0\u00bbleft\u00a0\u00bb border_style=\u00a0\u00bbsolid\u00a0\u00bb]<\/p>\n<p>LA QUALIT\u00c9 DU <span style=\"color: #e6673d;\"><strong>SOURIRE<\/strong><\/span><\/p>\n<p>[\/et_pb_text][et_pb_text _builder_version=\u00a0\u00bb3.0.61&Prime; text_font_size=\u00a0\u00bb22&Prime; text_font_size_phone=\u00a0\u00bb18&Prime; text_font_size_last_edited=\u00a0\u00bbon|phone\u00a0\u00bb background_layout=\u00a0\u00bblight\u00a0\u00bb text_orientation=\u00a0\u00bbleft\u00a0\u00bb border_style=\u00a0\u00bbsolid\u00a0\u00bb]<\/p>\n<p>Depuis 2017 nous sommes le premier cabinet dentaire \u00e0 obtenir la certification Swiss Label.<\/p>\n<p>[\/et_pb_text][\/et_pb_column][et_pb_column type=\u00a0\u00bb1_2&Prime;][et_pb_image src=\u00a0\u00bbhttps:\/\/intellident.ch\/index\/wp-content\/uploads\/swisslabel-logo.png\u00a0\u00bb animation=\u00a0\u00bboff\u00a0\u00bb sticky=\u00a0\u00bbon\u00a0\u00bb _builder_version=\u00a0\u00bb3.0.61&Prime; show_in_lightbox=\u00a0\u00bboff\u00a0\u00bb url_new_window=\u00a0\u00bboff\u00a0\u00bb use_overlay=\u00a0\u00bboff\u00a0\u00bb align=\u00a0\u00bbleft\u00a0\u00bb always_center_on_mobile=\u00a0\u00bbon\u00a0\u00bb border_style=\u00a0\u00bbsolid\u00a0\u00bb force_fullwidth=\u00a0\u00bboff\u00a0\u00bb \/][\/et_pb_column][\/et_pb_row][et_pb_row background_position_1=\u00a0\u00bbtop_left\u00a0\u00bb background_repeat_1=\u00a0\u00bbno-repeat\u00a0\u00bb _builder_version=\u00a0\u00bb3.0.60&Prime; custom_margin_last_edited=\u00a0\u00bbon|desktop\u00a0\u00bb custom_padding=\u00a0\u00bb25px|0px|0px|0px\u00a0\u00bb custom_padding_last_edited=\u00a0\u00bbon|phone\u00a0\u00bb][et_pb_column type=\u00a0\u00bb4_4&Prime;][et_pb_divider _builder_version=\u00a0\u00bb3.0.60&Prime; divider_style=\u00a0\u00bbsolid\u00a0\u00bb divider_position=\u00a0\u00bbtop\u00a0\u00bb height=\u00a0\u00bb80&Prime; hide_on_mobile=\u00a0\u00bbon\u00a0\u00bb \/][\/et_pb_column][\/et_pb_row][\/et_pb_section]<\/p>\n","protected":false},"excerpt":{"rendered":"<p>LE SOIN DU SOURIRE Le soin dentaire devrait avoir comme objectif d\u2019am\u00e9liorer la qualit\u00e9 de la vie. Pour y parvenir, en partant d\u2019un point de vue strictement m\u00e9dical, nous travaillons \u00e0 \u00e9liminer les infections de la cavit\u00e9 buccale, puis nous nous concentrons sur la r\u00e9\u00e9ducation fonctionnelle qui permet au patient de mastiquer \u00e0 nouveau au [&hellip;]<\/p>\n","protected":false},"author":1,"featured_media":0,"parent":0,"menu_order":0,"comment_status":"closed","ping_status":"closed","template":"","meta":{"_et_pb_use_builder":"on","_et_pb_old_content":"","_et_gb_content_width":"","footnotes":""},"class_list":["post-16160","page","type-page","status-publish","hentry"],"_links":{"self":[{"href":"https:\/\/intellident.ch\/index\/fr\/wp-json\/wp\/v2\/pages\/16160","targetHints":{"allow":["GET"]}}],"collection":[{"href":"https:\/\/intellident.ch\/index\/fr\/wp-json\/wp\/v2\/pages"}],"about":[{"href":"https:\/\/intellident.ch\/index\/fr\/wp-json\/wp\/v2\/types\/page"}],"author":[{"embeddable":true,"href":"https:\/\/intellident.ch\/index\/fr\/wp-json\/wp\/v2\/users\/1"}],"replies":[{"embeddable":true,"href":"https:\/\/intellident.ch\/index\/fr\/wp-json\/wp\/v2\/comments?post=16160"}],"version-history":[{"count":7,"href":"https:\/\/intellident.ch\/index\/fr\/wp-json\/wp\/v2\/pages\/16160\/revisions"}],"predecessor-version":[{"id":16167,"href":"https:\/\/intellident.ch\/index\/fr\/wp-json\/wp\/v2\/pages\/16160\/revisions\/16167"}],"wp:attachment":[{"href":"https:\/\/intellident.ch\/index\/fr\/wp-json\/wp\/v2\/media?parent=16160"}],"curies":[{"name":"wp","href":"https:\/\/api.w.org\/{rel}","templated":true}]}}